{"id":91,"date":"2023-04-11T18:22:39","date_gmt":"2023-04-11T16:22:39","guid":{"rendered":"https:\/\/ambasciatapraga.esteri.it\/?page_id=91"},"modified":"2025-03-20T10:26:46","modified_gmt":"2025-03-20T06:26:46","slug":"traduzione-e-legalizzazione-dei-documenti","status":"publish","type":"page","link":"https:\/\/ambjerevan.esteri.it\/it\/servizi-consolari-e-visti\/servizi-per-il-cittadino-straniero\/traduzione-e-legalizzazione-dei-documenti\/","title":{"rendered":"Traduzione e legalizzazione dei documenti"},"content":{"rendered":"<div class=\"entry-content\">\n<p><strong>Per poter essere fatti valere in Italia, gli atti e i documenti rilasciati in Armenia devono essere legalizzati con la procedura dell\u2019Apostille<\/strong>.<\/p>\n<p>L\u2019Armenia \u00e9 fra i Paesi che hanno sottoscritto la Convenzione de L\u2019Aia del 5 ottobre 1961 relativa all\u2019abolizione della legalizzazione di atti pubblici stranieri quindi la necessit\u00e0 di legalizzare gli atti e i documenti rilasciati da autorit\u00e0 straniere \u00e8 sostituita da un\u2019altra formalit\u00e0: <strong>l\u2019apposizione dell\u2019Apostille<\/strong>.<\/p>\n<p>Pertanto, una persona proveniente da un Paese che ha aderito a questa Convenzione non dovr\u00e1 recarsi presso la Rappresentanza consolare e chiedere la legalizzazione, ma dovr\u00e1 recarsi presso la competente autorit\u00e0 interna designata da ciascuno Stato \u2013 e indicata per ciascun Paese nell\u2019atto di adesione alla Convenzione stessa (in Armenia sono il Ministero degli Esteri e il Ministero della Giustizia, in base alla tipologia dei documenti da legalizzare) \u2013 per ottenere l\u2019apposizione dell\u2019Apostille sul documento.<\/p>\n<p>L\u2019originale del documento dovr\u00e1 essere tradotto in lingua italiana. Anche la traduzione dovr\u00e1 essere legalizzata tramite Apostille attraverso le competenti Autorit\u00e1 armene.<\/p>\n<p>Cos\u00ec perfezionato, il documento viene riconosciuto in Italia.<\/p>\n<p><strong>Lista dei traduttori ufficiali di riferimento:<\/strong><\/p>\n<p>Kristine Narinyan<br \/>\nTel: +374 77 473838 oppure +374 91 473838<br \/>\nEmail: <a href=\"mailto:narinyankrist@yahoo.com\">narinyankrist@yahoo.com<\/a><\/p>\n<p>Hayk Hovhannisyan<br \/>\nTel: +374 91 574357<br \/>\nEmail: <a href=\"mailto:hovhannisyan@libero.it\">hovhannisyan@libero.it<\/a><\/p>\n<\/div>\n","protected":false},"excerpt":{"rendered":"Per poter essere fatti valere in Italia, gli atti e i documenti rilasciati in Armenia devono essere legalizzati con la procedura dell\u2019Apostille. L\u2019Armenia \u00e9 fra i Paesi che hanno sottoscritto la Convenzione de L\u2019Aia del 5 ottobre 1961 relativa all\u2019abolizione della legalizzazione di atti pubblici stranieri quindi la necessit\u00e0 di legalizzare gli atti e i [&hellip;]","protected":false},"author":1,"featured_media":0,"parent":48,"menu_order":4,"comment_status":"closed","ping_status":"closed","template":"","meta":{"footnotes":""},"class_list":["post-91","page","type-page","status-publish","hentry"],"_links":{"self":[{"href":"https:\/\/ambjerevan.esteri.it\/it\/wp-json\/wp\/v2\/pages\/91","targetHints":{"allow":["GET"]}}],"collection":[{"href":"https:\/\/ambjerevan.esteri.it\/it\/wp-json\/wp\/v2\/pages"}],"about":[{"href":"https:\/\/ambjerevan.esteri.it\/it\/wp-json\/wp\/v2\/types\/page"}],"author":[{"embeddable":true,"href":"https:\/\/ambjerevan.esteri.it\/it\/wp-json\/wp\/v2\/users\/1"}],"replies":[{"embeddable":true,"href":"https:\/\/ambjerevan.esteri.it\/it\/wp-json\/wp\/v2\/comments?post=91"}],"version-history":[{"count":6,"href":"https:\/\/ambjerevan.esteri.it\/it\/wp-json\/wp\/v2\/pages\/91\/revisions"}],"predecessor-version":[{"id":3558,"href":"https:\/\/ambjerevan.esteri.it\/it\/wp-json\/wp\/v2\/pages\/91\/revisions\/3558"}],"up":[{"embeddable":true,"href":"https:\/\/ambjerevan.esteri.it\/it\/wp-json\/wp\/v2\/pages\/48"}],"wp:attachment":[{"href":"https:\/\/ambjerevan.esteri.it\/it\/wp-json\/wp\/v2\/media?parent=91"}],"curies":[{"name":"wp","href":"https:\/\/api.w.org\/{rel}","templated":true}]}}