{"id":67,"date":"2023-04-11T18:17:44","date_gmt":"2023-04-11T16:17:44","guid":{"rendered":"https:\/\/ambasciatapraga.esteri.it\/?page_id=67"},"modified":"2025-12-09T12:03:15","modified_gmt":"2025-12-09T08:03:15","slug":"emergency-travel-documents-etd","status":"publish","type":"page","link":"https:\/\/ambjerevan.esteri.it\/it\/servizi-consolari-e-visti\/servizi-per-il-cittadino-italiano\/emergency-travel-documents-etd\/","title":{"rendered":"Emergency Travel Document (EU ETD)"},"content":{"rendered":"<p><strong>Procedure per il rilascio dell\u2019EU ETD (Emergency Travel Document)<\/strong><\/p>\n<p>L\u2019Emergency Travel Document (EU ETD), \u00e8 un documento di viaggio di emergenza con validit\u00e0 pari alla durata del viaggio per il quale e&#8217; stato rilasciato, per un massimo di 15 giorni. Pu\u00f2 essere emesso in caso di deterioramento, furto o smarrimento del passaporto ed utilizzato per il solo rientro in Italia o verso lo Stato membro dell\u2019UE in cui il richiedente ha la residenza permanente, comprovata dall\u2019iscrizione AIRE. Per il rilascio, e&#8217; necessaria la presenza del richiedente (neonati e minori compresi).<\/p>\n<p>PER OTTENERE UN ETD NON C\u2019E\u2019 BISOGNO DI APPUNTAMENTO: \u00e8 pertanto possibile presentarsi direttamente in Sede tra le 9.30 e le 12.30 dal lunedi\u2019 al venerd\u00ec.<\/p>\n<p><strong>Documentazione necessaria per il rilascio di un EU ETD:<\/strong><\/p>\n<ol>\n<li><a href=\"https:\/\/ambjerevan.esteri.it\/wp-content\/uploads\/2025\/12\/Formulario-ETD-UE_IT_-con-v.-francese.docx\">Modulo di richiesta EU ETD <\/a>correttamente compilato;<\/li>\n<li>Dichiarazione di furto o smarrimento del passaporto o di altro documento di viaggio, resa all&#8217;Ufficio consolare, ai sensi degli articoli 46 e 47 e con le avvertenze di cui all\u2019art. 76 del D.P.R. 445\/2000;<\/li>\n<li>Denuncia del furto o dello smarrimento o della distruzione del passaporto o di altro documento di viaggio alle autorit\u00e0 di polizia armene;<\/li>\n<li>n. 1 fotografa formato tessera recente, conformi agli standard internazionali ICAO;<\/li>\n<li>Copia di un documento di riconoscimento, anche se smarrito o deteriorato (carta d\u2019identit\u00e0 o passaporto) contenente la foto e la firma. Anche la patente valida ha valore identificativo; in mancanza di un qualsiasi documento di identificazione, questo Ufficio provveder\u00e0 a contattare il Comune di residenza in Italia per accertare l&#8217;identit\u00e1 del richiedente;<\/li>\n<li>Titolo di viaggio.<\/li>\n<\/ol>\n<p><strong>Attenzione<\/strong>: Per i neonati italiani nati in Armenia ma residenti in Italia, oltre ai documenti sopra indicati, sar\u00e0 necessario esibire l\u2019atto di nascita rilasciato in Armenia che dovr\u00e0 essere tradotto e apostillato. Per le informazioni inerenti l\u2019Apostille e la registrazione degli atti di nascita, consultare la sezione <a href=\"https:\/\/ambjerevan.esteri.it\/it\/servizi-consolari-e-visti\/servizi-per-il-cittadino-italiano\/stato-civile\/\">Stato Civile.<\/a><\/p>\n<p>L\u2019EU ETD pu\u00f2 essere rilasciato <strong>anche a cittadini di Paesi membri dell\u2019Unione europea<\/strong>\u00a0previa acquisizione dell\u2019<strong>autorizzazione formale\u00a0<\/strong>da parte di una rappresentanza diplomatico-consolare\u00a0 o del Ministero degli Esteri del Paese di appartenenza del richiedente.<\/p>\n<p><strong>Nota bene:\u00a0<\/strong>Si segnala che il possessore di EU ETD ha l\u2019obbligo di consegnare, una volta giunto a destinazione, il documento alla polizia di frontiera o ad altro posto di polizia, indipendentemente dalla validit\u00e0 residua.<br \/>\nQualora il beneficiario di un EU ETD rilasciato da un Ufficio consolare viaggi verso un Paese diverso dall\u2019Italia, il beneficiario ha l\u2019obbligo restituire il documento all\u2019Ufficio consolare territorialmente competente per la localit\u00e0 di destinazione.<\/p>\n<p><strong>Raccomandazione<\/strong><br \/>\nSi consiglia di conservare, in un luogo diverso da quello in cui si custodiscono i documenti originali, una fotocopia dei documenti pi\u00f9 importanti (passaporto, carta d\u2019identit\u00e0, carta di credito) per facilitare le procedure di assistenza in caso di furto o smarrimento.<\/p>\n","protected":false},"excerpt":{"rendered":"Procedure per il rilascio dell\u2019EU ETD (Emergency Travel Document) L\u2019Emergency Travel Document (EU ETD), \u00e8 un documento di viaggio di emergenza con validit\u00e0 pari alla durata del viaggio per il quale e&#8217; stato rilasciato, per un massimo di 15 giorni. Pu\u00f2 essere emesso in caso di deterioramento, furto o smarrimento del passaporto ed utilizzato per [&hellip;]","protected":false},"author":1,"featured_media":0,"parent":47,"menu_order":2,"comment_status":"closed","ping_status":"closed","template":"","meta":{"footnotes":""},"class_list":["post-67","page","type-page","status-publish","hentry"],"_links":{"self":[{"href":"https:\/\/ambjerevan.esteri.it\/it\/wp-json\/wp\/v2\/pages\/67","targetHints":{"allow":["GET"]}}],"collection":[{"href":"https:\/\/ambjerevan.esteri.it\/it\/wp-json\/wp\/v2\/pages"}],"about":[{"href":"https:\/\/ambjerevan.esteri.it\/it\/wp-json\/wp\/v2\/types\/page"}],"author":[{"embeddable":true,"href":"https:\/\/ambjerevan.esteri.it\/it\/wp-json\/wp\/v2\/users\/1"}],"replies":[{"embeddable":true,"href":"https:\/\/ambjerevan.esteri.it\/it\/wp-json\/wp\/v2\/comments?post=67"}],"version-history":[{"count":9,"href":"https:\/\/ambjerevan.esteri.it\/it\/wp-json\/wp\/v2\/pages\/67\/revisions"}],"predecessor-version":[{"id":5347,"href":"https:\/\/ambjerevan.esteri.it\/it\/wp-json\/wp\/v2\/pages\/67\/revisions\/5347"}],"up":[{"embeddable":true,"href":"https:\/\/ambjerevan.esteri.it\/it\/wp-json\/wp\/v2\/pages\/47"}],"wp:attachment":[{"href":"https:\/\/ambjerevan.esteri.it\/it\/wp-json\/wp\/v2\/media?parent=67"}],"curies":[{"name":"wp","href":"https:\/\/api.w.org\/{rel}","templated":true}]}}