{"id":49,"date":"2023-04-11T18:13:11","date_gmt":"2023-04-11T16:13:11","guid":{"rendered":"https:\/\/ambasciatapraga.esteri.it\/?page_id=49"},"modified":"2026-02-20T10:57:01","modified_gmt":"2026-02-20T06:57:01","slug":"passaporti-e-carte-didentita","status":"publish","type":"page","link":"https:\/\/ambjerevan.esteri.it\/it\/servizi-consolari-e-visti\/servizi-per-il-cittadino-italiano\/passaporti-e-carte-didentita\/","title":{"rendered":"Passaporti"},"content":{"rendered":"<p style=\"text-align: justify;\"><strong><u>NOVITA&#8217;<\/u><\/strong>: dal 14 giugno 2023, nei casi di genitori con figli minori\u00a0 per il rilascio del passaporto di uno dei due genitori non \u00e8 pi\u00f9 necessario presentare l&#8217;assenso dell&#8217;altro genitore, ma \u00e8 sufficiente che l&#8217;interessato autocertifichi di non essere sottoposto a inibitoria al rilascio del passaporto. Resta invece obbligatorio l&#8217;assenso di entrambi i genitori per il rilascio del passaporto per i figli minorenni.<\/p>\n<p>Il passaporto biometrico \u00e8 un documento di identit\u00e0 provvisto di microchip all\u2019interno del quale, oltre ai dati anagrafici, sono memorizzate anche la foto e le impronte digitali del titolare.<\/p>\n<p>Sono esentati dalla rilevazione delle impronte digitali i minori di 12 anni e le persone affette da malattia o altro impedimento di natura permanente.<\/p>\n<p><strong><u>Validit\u00e0 del passaporto biometrico<\/u><\/strong>:<\/p>\n<ul>\n<li>3 anni per i minori da 0 a 3 anni;<\/li>\n<li>5 anni per i minori dai 3 anni fino ai 18 anni;<\/li>\n<li>10 anni per i titolari maggiorenni.<\/li>\n<\/ul>\n<p style=\"text-align: left;\"><strong>Nel modulo di domanda di passaporto il cittadino italiano deve indicare obbligatoriamente l&#8217;esistenza di figli minori, siano essi conviventi o meno con il richiedente stesso.<\/strong><\/p>\n<p style=\"text-align: justify;\"><u>Il servizio \u00e8 riservato solo ed esclusivamente<\/u> ai cittadini italiani iscritti all\u2019AIRE presso la circoscrizione dell&#8217;Ambasciata d\u2019Italia a Jerevan.\u00a0Prima di prenotare l\u2019appuntamento i connazionali devono verificare la propria iscrizione A.I.R.E. ed eventualmente aggiornare i propri dati per agevolare il rilascio del passaporto.<\/p>\n<p>Per l\u2019appuntamento per il rilascio del passaporto <strong>per i cittadini italiani iscritti nella circoscrizione<\/strong>\u00a0dell&#8217;Ambasciata d&#8217;Italia a Jerevan inviare una email a <a href=\"mailto:consolare.jerevan@esteri.it\">consolare.jerevan@esteri.it<\/a><\/p>\n<p style=\"text-align: justify;\">Le richieste di rilascio di passaporto possono essere presentate anche dai non residenti in questa circoscrizione consolare soltanto in caso di <u>comprovata emergenza sopravvenuta durante una temporanea presenza in questa circoscrizione consolare<\/u>. In questo caso il rilascio del passaporto \u00e8 subordinato all\u2019autorizzazione da parte della Questura o dell\u2019Ufficio Consolare competente in base al luogo di residenza del richiedente. Questo potrebbe rendere pi\u00f9 lunghi i tempi di rilascio.<\/p>\n<p style=\"text-align: justify;\">Prima di avviare la procedura di richiesta del passaporto, coloro che\u00a0sono nati all\u2019estero o che\u00a0hanno acquisito la cittadinanza italiana all\u2019estero o in Italia\u00a0\u00a0devono assicurarsi che il <u>proprio atto di nascita sia stato registrato presso il proprio Comune di iscrizione AIRE<\/u>. Laddove l\u2019atto di nascita del connazionale non sia gi\u00e0 trascritto in Italia, l&#8217;interessato dovr\u00e0 portare il proprio atto di nascita in originale (apostillato e tradotto nel Paese dove l\u2019atto \u00e8 stato emesso; anche la traduzione dovr\u00e0 essere apostillata) contestualmente alla richiesta del passaporto. Per maggiori clicca qui <a href=\"https:\/\/ambjerevan.esteri.it\/it\/servizi-consolari-e-visti\/servizi-per-il-cittadino-italiano\/stato-civile\/\">stato civile<\/a><\/p>\n<p><strong>Se il richiedente ha figli minorenni<\/strong>, dovr\u00e0\u00a0 compilare e firmare la &#8220;<a href=\"https:\/\/ambjerevan.esteri.it\/wp-content\/uploads\/2023\/10\/dichiarazione_assenza_ostative_passaporto.docx\"><strong>Dichiarazione di assenza di cause ostative<\/strong><\/a>&#8220;.<\/p>\n<h4><strong>DOCUMENTI NECESSARI<\/strong><\/h4>\n<ul>\n<li><a href=\"https:\/\/ambjerevan.esteri.it\/wp-content\/uploads\/2023\/11\/Modulo-di-domanda-di-passaporto-a-favore-di-maggiorenne1.doc\"><u>modulo di domanda<\/u><\/a> per i richiedenti maggiorenni stampato e debitamente compilato in ogni sua parte;<\/li>\n<li><a href=\"https:\/\/ambjerevan.esteri.it\/wp-content\/uploads\/2023\/10\/dichiarazione_assenza_ostative_passaporto.docx\"><u>dichiarazione di assenza di cause ostative<\/u><\/a>\u00a0stampata, compilata e firmata (nel caso in cui il richiedente sia sposato, separato o divorziato);<\/li>\n<li>precedente passaporto italiano, a meno che non si tratti di primo passaporto, o di smarrimento\/furto. In tal caso, esibire altro documento di riconoscimento valido.<\/li>\n<\/ul>\n<h4><strong>PASSAPORTO PER MINORENNE<\/strong><\/h4>\n<p>Per il rilascio del passaporto a un minore \u00e8 necessario:<\/p>\n<ol>\n<li>Essere cittadini italiani e, in caso il minore fosse nato all\u2019estero, aver trascritto l\u2019atto di nascita presso il competente Comune italiano tramite il Consolato (<a href=\"https:\/\/ambjerevan.esteri.it\/it\/servizi-consolari-e-visti\/servizi-per-il-cittadino-italiano\/stato-civile\/\">consultare la pagina Nascita<\/a>)<\/li>\n<li>Essere iscritti all\u2019AIRE con indirizzo di residenza aggiornato in questa circoscrizione consolare,\u00a0 Per sapere come iscriversi all\u2019AIRE, <a href=\"https:\/\/ambjerevan.esteri.it\/ambasciata_jerevan\/it\/informazioni_e_servizi\/servizi_consolari\/anagrafe\">clicca qui.<\/a><\/li>\n<\/ol>\n<p>Il giorno dell\u2019appuntamento, al quale dovra&#8217; essere presente anche il minore, sono necessari i seguenti documenti:<\/p>\n<ul>\n<li><a href=\"https:\/\/ambjerevan.esteri.it\/wp-content\/uploads\/2023\/10\/modulo_di_domanda_di_passaporto_a_favore_di_minorenne-1.doc\">modulo di richiesta al rilascio del passaporto <\/a>per minori di 18 anni, debitamente compilato in ogni sua parte;<\/li>\n<li>2 foto tessera solo per bambini minori di anni 6 (recenti, identiche, formato passaporto, sfondo bianco, viso frontale e centrato, espressione neutra, preferibilmente senza occhiali). Per minorenni di eta&#8217; superiore agli anni 6, la foto verra&#8217;\u00a0 scattata direttamente in Ambasciata;<\/li>\n<li>precedente passaporto italiano, a meno che non si tratti di primo passaporto, o di <a href=\"https:\/\/ambjerevan.esteri.it\/wp-content\/uploads\/2023\/11\/mod_denuncia_smarrimento_furto_documenti.doc\">smarrimento\/furto<\/a>. In tal caso, esibire altro documento di riconoscimento valido;<\/li>\n<li>copia passaporti dei genitori;<\/li>\n<li><a href=\"https:\/\/ambjerevan.esteri.it\/wp-content\/uploads\/2025\/04\/ATTO-DI-ASSENSO-PER-IL-RILASCIO-PASSAPORTO-FIGLIO.docx\">atto di assenso<\/a>: si rammenta che nel caso di figli minori e\u2019 obbligatorio l\u2019assenso di entrambi i genitori, siano essi sposati, separati o divorziati.\n<ul>\n<li>Se l\u2019altro genitore \u00e8 un cittadino<strong> comunitario <\/strong>e non residente in questa circoscrizione consolare,\u00a0non \u00e8 necessaria la presenza in Ambasciata dello stesso. In tal caso sar\u00e0 sufficiente il <a href=\"https:\/\/ambjerevan.esteri.it\/wp-content\/uploads\/2025\/04\/ATTO-DI-ASSENSO-PER-IL-RILASCIO-PASSAPORTO-FIGLIO.docx\">modulo di assenso<\/a> compilato e firmato insieme ad una fotocopia del passaporto o carta d\u2019identit\u00e0 di chi concede l\u2019assenso, per il confronto delle firme.<\/li>\n<li>Se il genitore che concede l\u2019assenso \u00e8 cittadino <strong>extracomunitario, <\/strong>deve firmare la dichiarazione di assenso in una delle seguenti modalit\u00e0:\n<ul>\n<li>presso questa Ambasciata il giorno dell\u2019appuntamento, munito di documento di identit\u00e0 (<a href=\"https:\/\/ambjerevan.esteri.it\/wp-content\/uploads\/2025\/04\/ATTO-DI-ASSENSO-PER-IL-RILASCIO-PASSAPORTO-FIGLIO.docx\">clicca qui per il modello<\/a>);<\/li>\n<li>presso un qualsiasi notaio armeno. La dichiarazione autenticata dal notaio dovr\u00e0 poi essere legalizzata tramite l\u2019apposizione dell\u2019Apostille;<\/li>\n<li>presso un funzionario della Pubblica Amministrazione in Italia (se residente in Italia);<\/li>\n<li>presso un funzionario di una qualsiasi Ambasciata o Consolato italiano nel mondo.<\/li>\n<\/ul>\n<\/li>\n<\/ul>\n<\/li>\n<\/ul>\n<p><strong><u>Casi di esenzione alla presentazione dall\u2019atto di assenso:<\/u><\/strong><\/p>\n<ul>\n<li style=\"text-align: justify;\"><u>Decesso di uno dei genitori<\/u>. In questo caso bisogna allegare alla richiesta del documento una copia del certificato di morte. Inoltre, se il decesso non \u00e8 gi\u00e0 stato registrato in Italia, occorre richiederne la trascrizione.<\/li>\n<li style=\"text-align: justify;\"><u>Sentenza italiana o straniera (<\/u>quest&#8217;ultima solo se resa esecutiva da un Giudice in Italia) di attribuzione esclusiva della responsabilit\u00e0 genitoriale al genitore richiedente. Non sono valide sentenze che attribuiscano la sola custodia o sentenze straniere non esecutive in Italia.<\/li>\n<li><u>Autorizzazione al rilascio di passaporto senza assenso<\/u>, che l\u2019interessato deve richiedere al Giudice Tutelare italiano competente per il luogo di residenza del minore (anche se diverso dal luogo di emissione del documento):<\/li>\n<\/ul>\n<p>Se il minore risiede nella circoscrizione consolare di questa Ambasciata d&#8217;Italia \u00e8 possibile richiedere l\u2019autorizzazione secondo le modalit\u00e0 descritte di seguito.<\/p>\n<hr \/>\n<p>Per conoscere il costo del passaporto, si prega di prendere visione delle <a href=\"https:\/\/ambjerevan.esteri.it\/it\/servizi-consolari-e-visti\/servizi-per-il-cittadino-italiano\/tariffe-consolari\/\">Tariffe consolari<\/a><\/p>\n<p>Il pagamento deve essere effettuato in contanti direttamente in Ambasciata.<\/p>\n<p>L&#8217;ammontare in AMD varia ogni trimestre.<\/p>\n<hr \/>\n<h4>FURTO O SMARRIMANTO DEL PASSAPORTO<\/h4>\n<p>In caso di furto o smarrimento del passaporto in Armenia, e&#8217; necessario presentare la denuncia alle Autorit\u00e0 locali, presso le stazioni di Polizia armene, al fine di prevenire utilizzi indebiti del documento e garantirne l\u2019immediata segnalazione nei sistemi locali.<\/p>\n<h4><strong>DECRETO CONSOLARE DI AUTORIZZAZIONE<\/strong><\/h4>\n<p>Se non \u00e8 possibile ottenere il consenso dell\u2019altro genitore al rilascio del documento, il richiedente pu\u00f2 avviare la procedura per ottenere l\u2019autorizzazione da parte del Giudice Tutelare italiano competente\u00a0 e previa valutazione dei motivi del mancato assenso, delle condizioni sociali e psicologiche del minore, dell&#8217;attribuzione della responsabilit\u00e0 genitoriale e dell&#8217;affidamento, degli obblighi imposti ai genitori (es. eventuali obblighi alimentari) ecc..<\/p>\n<p><u>Per minori residenti in Italia, <\/u>la richiesta va presentata al\u00a0 Tribunale di residenza del minore.<\/p>\n<p><u>Se il minore di riferimento \u00e8 residente nella circoscrizione consolare di Jerevan<\/u>, l\u2019interessato potr\u00e0 richiedere un decreto consolare di autorizzazione da parte dell&#8217;Ambasciatore, nella veste di &#8220;Giudice Tutelare&#8221;.<\/p>\n<p>Di seguito si indica la documentazione da presentare insieme alla domanda di passaporto:<\/p>\n<ul>\n<li><a href=\"https:\/\/ambjerevan.esteri.it\/wp-content\/uploads\/2023\/10\/richiesta_emissione_decreto_consolare_passaporti-cic.doc\">modulo di richiesta\u00a0<\/a><\/li>\n<li>copia della sentenza di divorzio o separazione o copia del provvedimento giudiziario concernente l\u2019affidamento dei minori;<\/li>\n<li>copia della raccomandata con avviso di ricevimento inviata al luogo dell\u2019ultima residenza conosciuta dell\u2019altro genitore per ottenere il suo assenso;<\/li>\n<li>documentazione attestante il pagamento degli alimenti eventualmente stabiliti con sentenza.<\/li>\n<\/ul>\n<p><u>L&#8217;autorit\u00e0 consolare, in fase istruttoria, potr\u00e0 richiedere documentazione supplementare<\/u>. Se si accerta che le ragioni del mancato consenso dell&#8217;altro genitore non sono giustificate, il Capo Missione, valutato il superiore interesse del minore, pu\u00f2 autorizzare, con apposito decreto, il rilascio del documento al minorenne (se non sussistono ulteriori cause ostative).<\/p>\n<p><strong>N.B.:<\/strong> Questa procedura \u00e8 di natura eccezionale e giudiziaria, quindi pu\u00f2 essere utilizzata solo in caso di assoluta impossibilit\u00e0 ad ottenere l&#8217;atto di assenso previsto dalla legge. Occorre inoltre tenere presente che, a causa degli accertamenti dovuti in tali situazioni, i tempi di attesa per ottenere il passaporto possono allungarsi considerevolmente.<\/p>\n<p>L&#8217;importo da versare per l&#8217;istanza al Capo Missione nella funzione di Giudice Tutelare \u00e8 di 8800 AMD (<span style=\"text-decoration: underline;\">solo se i minori risiedono nella circoscrizione consolare di Jerevan)<\/span>. Si prega di notare che le <a href=\"https:\/\/ambjerevan.esteri.it\/it\/servizi-consolari-e-visti\/servizi-per-il-cittadino-italiano\/tariffe-consolari\/\">tariffe consolari<\/a> variano ogni trimestre.<\/p>\n","protected":false},"excerpt":{"rendered":"NOVITA&#8217;: dal 14 giugno 2023, nei casi di genitori con figli minori\u00a0 per il rilascio del passaporto di uno dei due genitori non \u00e8 pi\u00f9 necessario presentare l&#8217;assenso dell&#8217;altro genitore, ma \u00e8 sufficiente che l&#8217;interessato autocertifichi di non essere sottoposto a inibitoria al rilascio del passaporto. Resta invece obbligatorio l&#8217;assenso di entrambi i genitori per [&hellip;]","protected":false},"author":1,"featured_media":0,"parent":47,"menu_order":0,"comment_status":"closed","ping_status":"closed","template":"","meta":{"footnotes":""},"class_list":["post-49","page","type-page","status-publish","hentry"],"_links":{"self":[{"href":"https:\/\/ambjerevan.esteri.it\/it\/wp-json\/wp\/v2\/pages\/49","targetHints":{"allow":["GET"]}}],"collection":[{"href":"https:\/\/ambjerevan.esteri.it\/it\/wp-json\/wp\/v2\/pages"}],"about":[{"href":"https:\/\/ambjerevan.esteri.it\/it\/wp-json\/wp\/v2\/types\/page"}],"author":[{"embeddable":true,"href":"https:\/\/ambjerevan.esteri.it\/it\/wp-json\/wp\/v2\/users\/1"}],"replies":[{"embeddable":true,"href":"https:\/\/ambjerevan.esteri.it\/it\/wp-json\/wp\/v2\/comments?post=49"}],"version-history":[{"count":10,"href":"https:\/\/ambjerevan.esteri.it\/it\/wp-json\/wp\/v2\/pages\/49\/revisions"}],"predecessor-version":[{"id":5693,"href":"https:\/\/ambjerevan.esteri.it\/it\/wp-json\/wp\/v2\/pages\/49\/revisions\/5693"}],"up":[{"embeddable":true,"href":"https:\/\/ambjerevan.esteri.it\/it\/wp-json\/wp\/v2\/pages\/47"}],"wp:attachment":[{"href":"https:\/\/ambjerevan.esteri.it\/it\/wp-json\/wp\/v2\/media?parent=49"}],"curies":[{"name":"wp","href":"https:\/\/api.w.org\/{rel}","templated":true}]}}