{"id":2785,"date":"2025-01-27T17:03:14","date_gmt":"2025-01-27T13:03:14","guid":{"rendered":"https:\/\/ambjerevan.esteri.it\/?page_id=2785"},"modified":"2025-01-27T17:11:01","modified_gmt":"2025-01-27T13:11:01","slug":"curriculum-vitae","status":"publish","type":"page","link":"https:\/\/ambjerevan.esteri.it\/it\/chi-siamo\/lambasciatore\/curriculum-vitae\/","title":{"rendered":"Curriculum Vitae"},"content":{"rendered":"<p><strong>Alessandro Ferranti, Ambasciatore d\u2019Italia in Armenia<\/strong><\/p>\n<p>Nato a L\u2019Aquila il 6 agosto 1970, si laurea in Scienze Politiche presso l\u2019Universit\u00e0 LUISS di Roma nel 1995 e in Scienze della Sicurezza interna ed esterna all\u2019Universit\u00e0 Tor Vergata di Roma nel 2009.<br \/>\n\u00c8 coniugato con la Signora Sarune Linartaite ed \u00e8 padre di due figli, Clotilde e Umberto.<br \/>\nIn seguito ad esame di concorso, il 29 dicembre 2000 \u00e8 nominato Segretario di Legazione in prova nella carriera diplomatica.<br \/>\nAlla Farnesina, svolge i suoi primi incarichi presso la Direzione Generale per i Paesi dell\u2019Europa, la Direzione Generale per la Promozione e Cooperazione Culturale e la Segreteria particolare del Sottosegretario di Stato.<br \/>\nNel 2004 assume come Secondo Segretario commerciale, in seguito confermato come Primo Segretario commerciale, presso l\u2019Ambasciata d\u2019Italia a Citt\u00e0 del Messico.<br \/>\nNel 2008 \u00e8 incaricato delle funzioni di Primo Segretario commerciale e Vice Capo Missione all\u2019Ambasciata a Citt\u00e0 del Guatemala.<br \/>\nNel 2012 rientra a Roma per prendere servizio nuovamente presso la Segreteria particolare del Sottosegretario di Stato, poi del Vice Ministro, ove \u00e8 confermato a seguito di cambiamento di Governo.<br \/>\nNel 2013 assume come Console Generale a Casablanca, Regno del Marocco.<br \/>\nNel 2017 \u00e8 incaricato delle funzioni di Primo Consigliere e Vice Capo Missione presso l\u2019Ambasciata ad Atene.<br \/>\nNel 2021 torna alla Farnesina per prestare servizio alla Direzione Generale per le Risorse e l\u2019Innovazione, ove assume l\u2019incarico di Capo dell\u2019Unit\u00e0 per il personale a contratto.<br \/>\nIl 13 gennaio 2025 assume quale Ambasciatore d\u2019Italia a Jerevan, Repubblica di Armenia.<\/p>\n<p><em>Nel 2014 \u00e8 insignito del Cavalierato dell\u2019Ordine al Merito della Repubblica Italiana.<\/em><br \/>\n<em>\u00c8 Tenente in congedo dell\u2019Arma dei Carabinieri.<\/em><br \/>\n<em>\u00c8 pianista e appassionato di musica, ed \u00e8 autore di varie pubblicazioni su temi di Studi strategici e Storia militare.<\/em><\/p>\n","protected":false},"excerpt":{"rendered":"Alessandro Ferranti, Ambasciatore d\u2019Italia in Armenia Nato a L\u2019Aquila il 6 agosto 1970, si laurea in Scienze Politiche presso l\u2019Universit\u00e0 LUISS di Roma nel 1995 e in Scienze della Sicurezza interna ed esterna all\u2019Universit\u00e0 Tor Vergata di Roma nel 2009. \u00c8 coniugato con la Signora Sarune Linartaite ed \u00e8 padre di due figli, Clotilde e [&hellip;]","protected":false},"author":5,"featured_media":0,"parent":38,"menu_order":1,"comment_status":"closed","ping_status":"closed","template":"","meta":{"footnotes":""},"class_list":["post-2785","page","type-page","status-publish","hentry"],"_links":{"self":[{"href":"https:\/\/ambjerevan.esteri.it\/it\/wp-json\/wp\/v2\/pages\/2785","targetHints":{"allow":["GET"]}}],"collection":[{"href":"https:\/\/ambjerevan.esteri.it\/it\/wp-json\/wp\/v2\/pages"}],"about":[{"href":"https:\/\/ambjerevan.esteri.it\/it\/wp-json\/wp\/v2\/types\/page"}],"author":[{"embeddable":true,"href":"https:\/\/ambjerevan.esteri.it\/it\/wp-json\/wp\/v2\/users\/5"}],"replies":[{"embeddable":true,"href":"https:\/\/ambjerevan.esteri.it\/it\/wp-json\/wp\/v2\/comments?post=2785"}],"version-history":[{"count":1,"href":"https:\/\/ambjerevan.esteri.it\/it\/wp-json\/wp\/v2\/pages\/2785\/revisions"}],"predecessor-version":[{"id":2786,"href":"https:\/\/ambjerevan.esteri.it\/it\/wp-json\/wp\/v2\/pages\/2785\/revisions\/2786"}],"up":[{"embeddable":true,"href":"https:\/\/ambjerevan.esteri.it\/it\/wp-json\/wp\/v2\/pages\/38"}],"wp:attachment":[{"href":"https:\/\/ambjerevan.esteri.it\/it\/wp-json\/wp\/v2\/media?parent=2785"}],"curies":[{"name":"wp","href":"https:\/\/api.w.org\/{rel}","templated":true}]}}