{"id":1657,"date":"2024-02-13T16:16:43","date_gmt":"2024-02-13T12:16:43","guid":{"rendered":"https:\/\/ambjerevan.esteri.it\/?page_id=1657"},"modified":"2026-03-31T12:42:48","modified_gmt":"2026-03-31T08:42:48","slug":"carta-didentita-elettronica-cie-2","status":"publish","type":"page","link":"https:\/\/ambjerevan.esteri.it\/it\/servizi-consolari-e-visti\/servizi-per-il-cittadino-italiano\/carta-didentita-elettronica-cie-2\/","title":{"rendered":"Carta d\u2019identit\u00e0 elettronica (CIE)"},"content":{"rendered":"<div class=\"entry-content\">\n<p style=\"text-align: justify;\">I cittadini italiani residenti in Armenia e iscritti all\u2019AIRE, possono richiedere la Carta di Identit\u00e0 Elettronica (CIE) presso questa Ambasciata d&#8217;Italia.<\/p>\n<p style=\"text-align: justify;\">Nel caso si sia cambiato indirizzo di residenza\u00a0(rispetto a quello comunicato in precedenza all\u2019Ufficio consolare), \u00e8 necessario chiedere la variazione di indirizzo tramite il portale\u00a0<a href=\"https:\/\/serviziconsolarionline.esteri.it\/ScoFE\/index.sco\"><strong>FAST IT<\/strong><\/a> prima di procedere alla prenotazione per il rilascio della carta d&#8217;identita&#8217;<\/p>\n<p style=\"text-align: justify;\">La Carta d\u2019Identit\u00e0 Elettronica <span style=\"text-decoration: underline;\">non viene rilasciata a vista<\/span>, bens\u00ec viene spedita per posta a casa del richiedente.<\/p>\n<p style=\"text-align: justify;\">La carta d\u2019identit\u00e0 \u00e8 un documento personale di riconoscimento valido per identificarsi e circolare nell\u2019Unione Europea, in alcuni Stati aderenti all\u2019accordo di Schengen (ad es. Islanda, Norvegia e Svizzera) e in altri Stati con cui sono stati raggiunti accordi bilaterali (vedasi le singole \u201cschede Paese\u201d sul sito <a href=\"https:\/\/www.viaggiaresicuri.it\/home\">www.viaggiaresicuri.it<\/a>).<\/p>\n<blockquote><p>A seguito dell&#8217;entrata in vigore della Legge 19 gennaio 2026, n. 11, si segnala che i cittadini iscritti all&#8217;AIRE possono &#8211; a decorrere dal 1\u00b0 giugno 2026 \u2013 presentare domanda per il rilascio della carta d&#8217;identit\u00e0 elettronica presso qualsiasi Comune italiano. La carta d\u2019identit\u00e0 sar\u00e0 consegnata con le medesime modalit\u00e0 previste in caso di domanda presentata tramite l\u2019Ufficio consolare, con facolt\u00e0 per l\u2019interessato di ritirarla personalmente presso il Comune o di richiederne la spedizione all\u2019estero.<\/p><\/blockquote>\n<p><strong>1. Quando si pu\u00f2 richiedere?<\/strong><\/p>\n<ul>\n<li>in sostituzione di una carta di identit\u00e0 cartacea valida;<strong><br \/>\n<\/strong><\/li>\n<li>a chi non sia in possesso di un\u2019altra carta d\u2019identit\u00e0 valida;<\/li>\n<li>in caso di furto, smarrimento o deterioramento della carta precedente.<\/li>\n<\/ul>\n<p><strong>2. Come si richiede la carta d\u2019identit\u00e0 elettronica (CIE)?<br \/>\n<\/strong>La richiesta della carta d\u2019identit\u00e0 elettronica deve essere presentata utilizzando la piattaforma <a href=\"https:\/\/prenotami.esteri.it\/\">Prenot@MI<\/a> da pc o laptop (non da cellulare) con uno dei seguenti browser: Edge o Chrome.<\/p>\n<p><strong>ATTENZIONE: <\/strong>nel caso in cui, a seguito di verifiche, emergessero elementi che impedissero la lavorazione della richiesta di rilascio della CIE, il connazionale sar\u00e0 informato sulle motivazioni del rigetto.<\/p>\n<p><strong>3. \u00c8 possibile chiedere l\u2019appuntamento per i miei figli minori?<br \/>\n<\/strong>S\u00ec.\u00a0In fase di prenotazione dell\u2019appuntamento bisogner\u00e0\u00a0<strong>compilare una scheda per ciascuna persona che ha bisogno della nuova carta CIE (richiedenti)<\/strong>. Sar\u00e0 possibile con un\u2019unica richiesta prenotare un appuntamento fino a 5 persone.<\/p>\n<p><strong>4. Qual \u00e8 la documentazione necessaria da portare con s\u00e9 al momento dell\u2019appuntamento per richiedere la CIE?<br \/>\n<\/strong>Normalmente il richiedente deve presentarsi munito di:<\/p>\n<p>1. Una fotografia formato tessera recente conforme agli <a href=\"https:\/\/conslondra.esteri.it\/wp-content\/uploads\/2022\/08\/photograph_guidelines_it.pdf\">standard internazionali ICAO<\/a>;<br \/>\n2. Carta di identit\u00e0 precedente. In mancanza di questa un documento di riconoscimento (anche se scaduto);<br \/>\n3. Dichiarazione di smarrimento\/furto precedente carta se del caso (<a href=\"https:\/\/ambjerevan.esteri.it\/wp-content\/uploads\/2024\/07\/DENUNCIA-SMARRIMENTO.docx\">DENUNCIA SMARRIMENTO<\/a>);<br \/>\n4. Atto di assenso di entrambi genitori nel caso in cui il richiedente sia un minore di 18 anni (v. punto 10);<br \/>\n5<strong>. PAGAMENTO: <\/strong>Il costo per il rilascio della CIE e&#8217; di AMD 9.800,00 che andranno pagati in contanti il giorno dell&#8217;appuntamento. Il corrispettivo in Dram armeni varia trimestralmente, <a href=\"https:\/\/ambjerevan.esteri.it\/it\/servizi-consolari-e-visti\/servizi-per-il-cittadino-italiano\/tariffe-consolari\/\">clicca qui<\/a><strong>)<\/strong><\/p>\n<p><strong>5. Quali sono le operazioni che saranno effettuate il giorno dell\u2019appuntamento?<br \/>\n<\/strong>Il giorno dell\u2019appuntamento, l\u2019operatore consolare acquisisce la documentazione indicata al punto precedente, effettua il riconoscimento e la verifica della foto ed acquisisce le impronte digitali e la firma (salvo per i minori di anni 12).<\/p>\n<p style=\"text-align: justify;\"><strong>6. Come si riceve la Carta d\u2019identit\u00e0 elettronica?<br \/>\n<\/strong>La CIE \u00e8 emessa dal Ministero dell\u2019Interno e prodotta dall\u2019Istituto Poligrafico e Zecca dello Stato, che la spedisce, a mezzo posta raccomandata, all\u2019indirizzo di residenza dichiarato dal richiedente. Il connazionale potr\u00e0 seguire la spedizione autonomamente online, attraverso il codice di tracciamento.<\/p>\n<p><strong>7. Quanto tempo vale la carta d\u2019identit\u00e0?<br \/>\n<\/strong>La validit\u00e0 della carta d\u2019identit\u00e0 varia a seconda dell\u2019et\u00e0 del titolare ed \u00e8 di:<\/p>\n<p>\u2013 3 anni di validit\u00e0 per i minori di et\u00e0 compresa tra 0 e 3 anni;<br \/>\n\u2013 5 anni di validit\u00e0 per i minori di et\u00e0 compresa tra 4 e 17 anni;<br \/>\n\u2013 10 anni di validit\u00e0 per maggiorenni.<\/p>\n<p><strong>8. Assenso<br \/>\n<\/strong>L&#8217;assenso di entrambi i genitori e&#8217; necessario in caso di rilascio della carta d&#8217;identita&#8217; ai figli minorenni (<a href=\"https:\/\/ambjerevan.esteri.it\/wp-content\/uploads\/2024\/07\/CIE_ASSENSO-DEI-GENITORI-DEI-FIGLI-MINORENNI.docx\">CIE_ASSENSO DEI GENITORI DEI FIGLI MINORENNI<\/a>)<br \/>\n<strong>In caso di decesso di uno dei genitori<\/strong> occorre presentare una copia del certificato di morte.<br \/>\nNel caso in cui non fosse possibile ottenere l\u2019assenso dell\u2019altro genitore, sar\u00e0 necessario chiedere l\u2019emissione di un Decreto del Giudice Tutelare\u00a0 (per maggiori informazioni clicca <a href=\"https:\/\/ambjerevan.esteri.it\/it\/servizi-consolari-e-visti\/servizi-per-il-cittadino-italiano\/passaporti-e-carte-didentita\/\">qui<\/a>).<\/p>\n<p><strong>9. Devo chiedere una nuova carta se cambio indirizzo?<br \/>\n<\/strong>No. La carta d\u2019identit\u00e0 \u00e8 un documento di identit\u00e0 e non di residenza.<\/p>\n<p><strong>10. \u00c8 possibile per le donne sposate inserire il cognome del marito?<br \/>\n<\/strong>No. La carta d\u2019identit\u00e0 \u00e8 un documento di identit\u00e0 e non di stato civile.<\/p>\n<\/div>\n","protected":false},"excerpt":{"rendered":"I cittadini italiani residenti in Armenia e iscritti all\u2019AIRE, possono richiedere la Carta di Identit\u00e0 Elettronica (CIE) presso questa Ambasciata d&#8217;Italia. Nel caso si sia cambiato indirizzo di residenza\u00a0(rispetto a quello comunicato in precedenza all\u2019Ufficio consolare), \u00e8 necessario chiedere la variazione di indirizzo tramite il portale\u00a0FAST IT prima di procedere alla prenotazione per il rilascio [&hellip;]","protected":false},"author":6,"featured_media":0,"parent":47,"menu_order":0,"comment_status":"closed","ping_status":"closed","template":"","meta":{"footnotes":""},"class_list":["post-1657","page","type-page","status-publish","hentry"],"_links":{"self":[{"href":"https:\/\/ambjerevan.esteri.it\/it\/wp-json\/wp\/v2\/pages\/1657","targetHints":{"allow":["GET"]}}],"collection":[{"href":"https:\/\/ambjerevan.esteri.it\/it\/wp-json\/wp\/v2\/pages"}],"about":[{"href":"https:\/\/ambjerevan.esteri.it\/it\/wp-json\/wp\/v2\/types\/page"}],"author":[{"embeddable":true,"href":"https:\/\/ambjerevan.esteri.it\/it\/wp-json\/wp\/v2\/users\/6"}],"replies":[{"embeddable":true,"href":"https:\/\/ambjerevan.esteri.it\/it\/wp-json\/wp\/v2\/comments?post=1657"}],"version-history":[{"count":7,"href":"https:\/\/ambjerevan.esteri.it\/it\/wp-json\/wp\/v2\/pages\/1657\/revisions"}],"predecessor-version":[{"id":6036,"href":"https:\/\/ambjerevan.esteri.it\/it\/wp-json\/wp\/v2\/pages\/1657\/revisions\/6036"}],"up":[{"embeddable":true,"href":"https:\/\/ambjerevan.esteri.it\/it\/wp-json\/wp\/v2\/pages\/47"}],"wp:attachment":[{"href":"https:\/\/ambjerevan.esteri.it\/it\/wp-json\/wp\/v2\/media?parent=1657"}],"curies":[{"name":"wp","href":"https:\/\/api.w.org\/{rel}","templated":true}]}}