{"id":1368,"date":"2023-11-01T14:45:25","date_gmt":"2023-11-01T10:45:25","guid":{"rendered":"https:\/\/ambjerevan.esteri.it\/?page_id=1368"},"modified":"2026-02-20T11:04:48","modified_gmt":"2026-02-20T07:04:48","slug":"anagrafe-degli-italiani-residenti-allestero-aire","status":"publish","type":"page","link":"https:\/\/ambjerevan.esteri.it\/it\/servizi-consolari-e-visti\/servizi-per-il-cittadino-italiano\/anagrafe-degli-italiani-residenti-allestero-aire\/","title":{"rendered":"Anagrafe degli Italiani residenti all\u2019estero (AIRE)"},"content":{"rendered":"<div class=\"entry-content\">\n<p style=\"text-align: justify;\">L\u2019Anagrafe degli Italiani Residenti all\u2019Estero (A.I.R.E.) \u00e8 stata istituita con legge 27 ottobre 1988, n. 470 e contiene i dati dei cittadini italiani che intendono risiedere all\u2019estero per un periodo superiore ai dodici mesi.<\/p>\n<p>&nbsp;<\/p>\n<p style=\"text-align: center;\"><strong>Il 1 gennaio 2024 e&#8217; entrata in vigore la legge n.<a href=\"https:\/\/www.gazzettaufficiale.it\/eli\/id\/2023\/12\/30\/23G00223\/sg\"> 213 del 30\/12\/2023<\/a> la quale all&#8217;art. 1, comma 242, modifica l&#8217;art 11 della legge n. 1228 del 1954, introducendo un regime sanzionatorio per coloro che non adempiono alle disposizioni di legge che impongono obblighi anagrafici.<\/strong><\/p>\n<p style=\"text-align: justify;\"><strong>In base al nuovo regolamento, chiunque, avendo obblighi anagrafici, contravviene alle disposizioni della legge n. 470\/1988 e dei regolamenti di esecuzione, e&#8217; soggetto alla sanzione pecuniaria amministrativa da 100 a 500 Euro.<\/strong><\/p>\n<p>&nbsp;<\/p>\n<p style=\"text-align: justify;\">L&#8217;Anagrafe \u00e8 gestita dai Comuni sulla base dei dati e delle informazioni provenienti dalle Rappresentanze consolari all\u2019estero.<\/p>\n<p style=\"text-align: justify;\">I comuni italiani sono gli unici competenti alla regolare tenuta dell\u2019anagrafe della popolazione, sia di quella residente in Italia che dei cittadini residenti all\u2019estero, cio\u00e8 degli italiani che dimorano abitualmente all\u2019estero.<\/p>\n<p style=\"text-align: justify;\"><strong>L\u2019iscrizione all\u2019A.I.R.E<\/strong>. costituisce il presupposto per usufruire di una serie di servizi forniti ai connazionali, nonch\u00e9 per l\u2019esercizio di importanti diritti, quali per esempio:<\/p>\n<ul style=\"text-align: justify;\">\n<li>la possibilit\u00e0 di votare per elezioni politiche e referendum per corrispondenza nel Paese di residenza, e per l\u2019elezione dei rappresentanti italiani al Parlamento Europeo nei seggi istituiti dalla rete diplomatico-consolare nei Paesi appartenenti all\u2019U.E.;<\/li>\n<li>la possibilit\u00e0 di ottenere il rilascio o rinnovo di documenti di identit\u00e0 e di viaggio, nonch\u00e9 certificazioni;<\/li>\n<li>la possibilit\u00e0 di rinnovare la patente di guida.<\/li>\n<\/ul>\n<p style=\"text-align: justify;\"><strong>Devono iscriversi all\u2019A.I.R.E.:<\/strong><\/p>\n<ul>\n<li style=\"text-align: justify;\">i cittadini che trasferiscono la propria residenza all\u2019estero per periodi superiori a 12 mesi;<\/li>\n<li style=\"text-align: justify;\">quelli che gi\u00e0 vi risiedono, sia perch\u00e9 nati all\u2019estero che per successivo acquisto della cittadinanza italiana a qualsiasi titolo.<\/li>\n<\/ul>\n<p><strong>Non devono iscriversi all\u2019A.I.R.E.:<\/strong><\/p>\n<ul>\n<li>le persone che si recano all\u2019estero per un periodo di tempo inferiore a un anno;<\/li>\n<li>i lavoratori stagionali;<\/li>\n<li>i dirigenti scolastici, docenti e personale amministrativo della scuola collocati fuori ruolo ed inviati all\u2019estero nell\u2019ambito di attivit\u00e0 scolastiche fuori dal territorio nazionale;<\/li>\n<li>i dipendenti di ruolo dello Stato in servizio all\u2019estero, che siano notificati ai sensi delle Convenzioni di Vienna sulle relazioni diplomatiche e sulle relazioni consolari rispettivamente del 1961 e del 1963.<\/li>\n<li>i dipendenti delle Regioni e delle Province autonome assegnati a prestare servizio presso gli uffici di collegamento delle medesime istituiti ai sensi dell&#8217;articolo 58 della Legge 6 febbraio 1996, n. 52;<\/li>\n<li>il personale civile e militare che fruisce dell&#8217;indennit\u00e0 di lungo servizio all&#8217;estero, prevista dall&#8217;articolo 1808 del codice dell&#8217;ordinamento militare, di cui al D. Lgs. 15 marzo 2010, n. 66;<\/li>\n<li>il personale civile e militare in servizio presso gli Uffici e le strutture dell&#8217;Organizzazione del Trattato del Nord Atlantico (NATO);<\/li>\n<li>le persone conviventi con i cittadini sopra menzionati che si recano all&#8217;estero al seguito dei medesimi.<\/li>\n<li>gli studenti che si trasferiscono all\u2019estero per il periodo del corso di studi rimanendo a carico dei genitori e usufruendo dell\u2019assistenza sanitaria in Italia, in quanto mantengono la propria dimora abituale in Italia. Essi dovranno informare l\u2019Ufficio consolare competente della propria presenza nel Paese.<\/li>\n<\/ul>\n<p>A seguito dell&#8217;entrata in vigore della Legge 19 gennaio 2026, n. 11, e&#8217; stata introdotta <strong>l\u2019iscrizione facoltativa all&#8217;AIRE<\/strong> per i connazionali che lavorano all\u2019estero per l\u2019Unione Europea o per le organizzazioni internazionali di cui l\u2019Italia \u00e8 parte o per i soggetti di cui all\u2019articolo 26 della Legge 11 agosto 2014, n. 125, e che conservano o stabiliscono il domicilio fiscale in Italia.<\/p>\n<p>L\u2019iscrizione all\u2019A.I.R.E. deve essere effettuata entro 90 giorni dal trasferimento della residenza e comporta la contestuale cancellazione dall\u2019Anagrafe della Popolazione Residente (A.P.R.) del Comune di provenienza.<\/p>\n<p>Si prega di consultare il <a href=\"https:\/\/serviziconsolari.esteri.it\/home\">portale FAST-IT<\/a> per la procedura di iscrizione A.I.R.E.<\/p>\n<p>L&#8217;Ufficio Anagrafe di questa Ambasciata puo&#8217; essere contattato al seguente indirizzo email:\u00a0<strong>consolare.jerevan@esteri.it<\/strong><\/p>\n<\/div>\n","protected":false},"excerpt":{"rendered":"L\u2019Anagrafe degli Italiani Residenti all\u2019Estero (A.I.R.E.) \u00e8 stata istituita con legge 27 ottobre 1988, n. 470 e contiene i dati dei cittadini italiani che intendono risiedere all\u2019estero per un periodo superiore ai dodici mesi. &nbsp; Il 1 gennaio 2024 e&#8217; entrata in vigore la legge n. 213 del 30\/12\/2023 la quale all&#8217;art. 1, comma 242, [&hellip;]","protected":false},"author":6,"featured_media":0,"parent":47,"menu_order":0,"comment_status":"closed","ping_status":"closed","template":"","meta":{"footnotes":""},"class_list":["post-1368","page","type-page","status-publish","hentry"],"_links":{"self":[{"href":"https:\/\/ambjerevan.esteri.it\/it\/wp-json\/wp\/v2\/pages\/1368","targetHints":{"allow":["GET"]}}],"collection":[{"href":"https:\/\/ambjerevan.esteri.it\/it\/wp-json\/wp\/v2\/pages"}],"about":[{"href":"https:\/\/ambjerevan.esteri.it\/it\/wp-json\/wp\/v2\/types\/page"}],"author":[{"embeddable":true,"href":"https:\/\/ambjerevan.esteri.it\/it\/wp-json\/wp\/v2\/users\/6"}],"replies":[{"embeddable":true,"href":"https:\/\/ambjerevan.esteri.it\/it\/wp-json\/wp\/v2\/comments?post=1368"}],"version-history":[{"count":7,"href":"https:\/\/ambjerevan.esteri.it\/it\/wp-json\/wp\/v2\/pages\/1368\/revisions"}],"predecessor-version":[{"id":5699,"href":"https:\/\/ambjerevan.esteri.it\/it\/wp-json\/wp\/v2\/pages\/1368\/revisions\/5699"}],"up":[{"embeddable":true,"href":"https:\/\/ambjerevan.esteri.it\/it\/wp-json\/wp\/v2\/pages\/47"}],"wp:attachment":[{"href":"https:\/\/ambjerevan.esteri.it\/it\/wp-json\/wp\/v2\/media?parent=1368"}],"curies":[{"name":"wp","href":"https:\/\/api.w.org\/{rel}","templated":true}]}}