{"id":101,"date":"2023-04-11T18:24:57","date_gmt":"2023-04-11T16:24:57","guid":{"rendered":"https:\/\/ambasciatapraga.esteri.it\/?page_id=101"},"modified":"2025-02-20T18:06:38","modified_gmt":"2025-02-20T14:06:38","slug":"lingua-e-cultura-italiana","status":"publish","type":"page","link":"https:\/\/ambjerevan.esteri.it\/it\/italia-e-armenia\/diplomazia-culturale\/lingua-e-cultura-italiana\/","title":{"rendered":"Lingua e Cultura italiana"},"content":{"rendered":"<p>La lingua italiana \u00e8 tra le pi\u00f9 studiate al mondo e rappresenta un patrimonio culturale inestimabile.<br \/>\nNegli anni si \u00e8 sviluppato un vivo interesse per la lingua italiana negli istituti universitari in Armenia. Tra gli istituti che provvedono all\u2019insegnamento vi sono l\u2019Universit\u00e0 Statale V. Brusov e l\u2019Universit\u00e0 Statale di Jerevan, la quale ospita un Lettore Universitario MAECI. L\u2019italiano viene insegnato anche presso l\u2019Accademia Statale di Belle Arti ed il Conservatorio Statale Komitas. Solo pi\u00f9 di recente si \u00e8 provveduto ad attivare corsi di italiano in alcune scuole primarie e secondarie (medie e superiori). Attualmente il numero complessivo di studenti di italiano presso le scuole e le universit\u00e0 \u00e8 pari a circa 1000.<br \/>\nInfine, \u00e8 presente a Jerevan anche un Comitato della Societ\u00e0 Dante Alighieri, il quale riveste un ruolo attivo nella promozione della lingua italiana e nell\u2019organizzazione di eventi culturali.<\/p>\n","protected":false},"excerpt":{"rendered":"La lingua italiana \u00e8 tra le pi\u00f9 studiate al mondo e rappresenta un patrimonio culturale inestimabile. Negli anni si \u00e8 sviluppato un vivo interesse per la lingua italiana negli istituti universitari in Armenia. Tra gli istituti che provvedono all\u2019insegnamento vi sono l\u2019Universit\u00e0 Statale V. Brusov e l\u2019Universit\u00e0 Statale di Jerevan, la quale ospita un Lettore [&hellip;]","protected":false},"author":1,"featured_media":0,"parent":44,"menu_order":0,"comment_status":"closed","ping_status":"closed","template":"","meta":{"footnotes":""},"class_list":["post-101","page","type-page","status-publish","hentry"],"_links":{"self":[{"href":"https:\/\/ambjerevan.esteri.it\/it\/wp-json\/wp\/v2\/pages\/101","targetHints":{"allow":["GET"]}}],"collection":[{"href":"https:\/\/ambjerevan.esteri.it\/it\/wp-json\/wp\/v2\/pages"}],"about":[{"href":"https:\/\/ambjerevan.esteri.it\/it\/wp-json\/wp\/v2\/types\/page"}],"author":[{"embeddable":true,"href":"https:\/\/ambjerevan.esteri.it\/it\/wp-json\/wp\/v2\/users\/1"}],"replies":[{"embeddable":true,"href":"https:\/\/ambjerevan.esteri.it\/it\/wp-json\/wp\/v2\/comments?post=101"}],"version-history":[{"count":3,"href":"https:\/\/ambjerevan.esteri.it\/it\/wp-json\/wp\/v2\/pages\/101\/revisions"}],"predecessor-version":[{"id":3184,"href":"https:\/\/ambjerevan.esteri.it\/it\/wp-json\/wp\/v2\/pages\/101\/revisions\/3184"}],"up":[{"embeddable":true,"href":"https:\/\/ambjerevan.esteri.it\/it\/wp-json\/wp\/v2\/pages\/44"}],"wp:attachment":[{"href":"https:\/\/ambjerevan.esteri.it\/it\/wp-json\/wp\/v2\/media?parent=101"}],"curies":[{"name":"wp","href":"https:\/\/api.w.org\/{rel}","templated":true}]}}