{"id":173,"date":"2023-04-11T18:07:19","date_gmt":"2023-04-11T14:07:19","guid":{"rendered":"https:\/\/ambjerevan.esteri.it\/chi-siamo\/numeri-di-emergenza\/"},"modified":"2023-08-09T12:31:29","modified_gmt":"2023-08-09T08:31:29","slug":"numeri-di-emergenza","status":"publish","type":"page","link":"https:\/\/ambjerevan.esteri.it\/en\/chi-siamo\/numeri-di-emergenza\/","title":{"rendered":"Emergency numbers"},"content":{"rendered":"<p><strong>PER I CITTADINI ITALIANI<\/strong><\/p>\n<p>SI RIPORTA DI SEGUITO IL NUMERO DI EMERGENZA DELLA SEDE, A DISPOSIZIONE DEI CONNAZIONALI, DA UTILIZZARE SOLO IN SITUAZIONI DI COMPROVATA E STRAORDINARIA EMERGENZA (INCIDENTI GRAVI, DETENZIONE, GRAVI CONDIZIONI DI SALUTE ET SIMILIA):<\/p>\n<p>+374 91 415244<a title=\"Call: +374 91 415244\" href=\"https:\/\/ambjerevan.esteri.it\/ambasciata_jerevan\/it\/informazioni_e_servizi\/servizi_consolari\/numeri-di-emergenza.html#\"><img decoding=\"async\" title=\"Call: +374 91 415244\" src=\"data:image\/png;base64,iVBORw0KGgoAAAANSUhEUgAAABAAAAAQCAYAAAAf8\/9hAAABcklEQVR4XpXTPUvDUBTH4aR2c2hBQXGpTiIORhBcBOvgYKf0Awi+4Ggr1MVPIIrYdnEpShddHIyLi6AVXVxsRRDRwbi4KNgu4lCIv8i\/i6QRDzycy+09555LqOl5nhEUptPoJe1iDHU8oYlrlDw79m4QEbSLPexzsIc8hDRm8YBjLpj4q8EgxQdab+MNd4ghhQ2adIc1+ORAFEnWWfTDRp7GDfImlsIavKALLuqoqMGUCs4wHtagiQ5uc8kDyCOBKlP1k78QNTOZnMXCQRxWsbjl6iuskV41SQG2Gj9rikvcR1WcgKFDBa1LOEUK56hqv8BUFV3SGWkVS9JQ6Dsv4wQ1DKMPORUvkm78BhdQMI1CTa5I0yrcwSFqFD+SZ7DQesIkCG5S\/JpkHYERQRmuNsrZ7Grc+Ef8\/Bcoslkfae8Wc7CUHZ++TuAEBj86pHntjaDKXllPy6PW\/gkKFaThwp\/K87N8hDcQTTKKFTioSxqB8Q2BNX5JtAljwgAAAABJRU5ErkJggg==\" alt=\"\" \/><\/a><\/p>\n<p><strong>E&#8217; VIETATO L&#8217;UTILIZZO DEL NUMERO PER ALTRI TIPI DI ESIGENZE, QUALI, AD ESEMPIO, RICHIESTE RELATIVE AI VISTI.<\/strong><\/p>\n<p>Esso \u00e8 operativo dal luned\u00ec al venerd\u00ed negli orari di chiusura degli Uffici di Cancelleria, tra le ore 16:00 e le ore 22:00; il sabato e i giorni festivi (quand\u2019anche infrasettimanali) tra le ore 7:00 e le ore 22:00.<\/p>\n<p>ATTENZIONE<\/p>\n<p>In caso di incidenti gravi, situazioni comportanti rischi immediati per la salute o di pericolo per l\u2019incolumit\u00e0 personale, in cui si richiede il soccorso urgente delle locali autorit\u00e0 sanitarie, di polizia o di vigili del fuoco, si consiglia di chiamare direttamente i seguenti numeri:<\/p>\n<ul>\n<li>\n<ul>\n<li><strong>Pronto intervento<\/strong> \u00a0\u00a0 911 &#8211; 101<\/li>\n<li><strong>Polizia<\/strong> \u00a0\u00a0\u00a0\u00a0\u00a0\u00a0\u00a0\u00a0\u00a0\u00a0\u00a0\u00a0\u00a0\u00a0\u00a0\u00a0\u00a0\u00a0\u00a0\u00a0\u00a0\u00a0\u00a0\u00a0\u00a0 102 (servizio H24, l&#8217;operatore risponde in inglese)<\/li>\n<li><strong>Ambulanza\u00a0\u00a0\u00a0\u00a0\u00a0\u00a0\u00a0\u00a0\u00a0\u00a0\u00a0 \u00a0 \u00a0\u00a0 <\/strong>103<\/li>\n<\/ul>\n<\/li>\n<\/ul>\n<p>********<\/p>\n<p>Sempre nel caso di effettiva emergenza, nelle fasce orarie non coperte dalla reperibilit\u00e0 dell\u2019Ambasciata, i connazionali potranno far riferimento ai seguenti numeri attivi H24 &#8211; 365 giorni l\u2019anno:<\/p>\n<p>\u2022 +39 06 36912790<a title=\"Call: +39 06 36912790\" href=\"https:\/\/ambjerevan.esteri.it\/ambasciata_jerevan\/it\/informazioni_e_servizi\/servizi_consolari\/numeri-di-emergenza.html#\"><img decoding=\"async\" title=\"Call: +39 06 36912790\" src=\"data:image\/png;base64,iVBORw0KGgoAAAANSUhEUgAAABAAAAAQCAYAAAAf8\/9hAAABcklEQVR4XpXTPUvDUBTH4aR2c2hBQXGpTiIORhBcBOvgYKf0Awi+4Ggr1MVPIIrYdnEpShddHIyLi6AVXVxsRRDRwbi4KNgu4lCIv8i\/i6QRDzycy+09555LqOl5nhEUptPoJe1iDHU8oYlrlDw79m4QEbSLPexzsIc8hDRm8YBjLpj4q8EgxQdab+MNd4ghhQ2adIc1+ORAFEnWWfTDRp7GDfImlsIavKALLuqoqMGUCs4wHtagiQ5uc8kDyCOBKlP1k78QNTOZnMXCQRxWsbjl6iuskV41SQG2Gj9rikvcR1WcgKFDBa1LOEUK56hqv8BUFV3SGWkVS9JQ6Dsv4wQ1DKMPORUvkm78BhdQMI1CTa5I0yrcwSFqFD+SZ7DQesIkCG5S\/JpkHYERQRmuNsrZ7Grc+Ef8\/Bcoslkfae8Wc7CUHZ++TuAEBj86pHntjaDKXllPy6PW\/gkKFaThwp\/K87N8hDcQTTKKFTioSxqB8Q2BNX5JtAljwgAAAABJRU5ErkJggg==\" alt=\"\" \/><\/a> Funzionario di turno (nel caso di decesso, grave incidente, arresto).<\/p>\n<p>\u2022 +39 06 36225<a title=\"Call: +39 06 36225\" href=\"https:\/\/ambjerevan.esteri.it\/ambasciata_jerevan\/it\/informazioni_e_servizi\/servizi_consolari\/numeri-di-emergenza.html#\"><img decoding=\"async\" title=\"Call: +39 06 36225\" src=\"data:image\/png;base64,iVBORw0KGgoAAAANSUhEUgAAABAAAAAQCAYAAAAf8\/9hAAABcklEQVR4XpXTPUvDUBTH4aR2c2hBQXGpTiIORhBcBOvgYKf0Awi+4Ggr1MVPIIrYdnEpShddHIyLi6AVXVxsRRDRwbi4KNgu4lCIv8i\/i6QRDzycy+09555LqOl5nhEUptPoJe1iDHU8oYlrlDw79m4QEbSLPexzsIc8hDRm8YBjLpj4q8EgxQdab+MNd4ghhQ2adIc1+ORAFEnWWfTDRp7GDfImlsIavKALLuqoqMGUCs4wHtagiQ5uc8kDyCOBKlP1k78QNTOZnMXCQRxWsbjl6iuskV41SQG2Gj9rikvcR1WcgKFDBa1LOEUK56hqv8BUFV3SGWkVS9JQ6Dsv4wQ1DKMPORUvkm78BhdQMI1CTa5I0yrcwSFqFD+SZ7DQesIkCG5S\/JpkHYERQRmuNsrZ7Grc+Ef8\/Bcoslkfae8Wc7CUHZ++TuAEBj86pHntjaDKXllPy6PW\/gkKFaThwp\/K87N8hDcQTTKKFTioSxqB8Q2BNX5JtAljwgAAAABJRU5ErkJggg==\" alt=\"\" \/><\/a> Unit\u00e0 di crisi (nel caso di disastri naturali, atti di terrorismo, fenomeni di pirateria, disordini di natura socio-politica all\u2019estero)<\/p>\n<p>In caso di effettiva necessit\u00e0, il funzionario di turno del Ministero degli Affari Esteri e della Cooperazione allo Sviluppo raggiunger\u00e0 tempestivamente i funzionari dell&#8217;Ambasciata d&#8217;Italia a Jerevan.<\/p>\n","protected":false},"excerpt":{"rendered":"PER I CITTADINI ITALIANI SI RIPORTA DI SEGUITO IL NUMERO DI EMERGENZA DELLA SEDE, A DISPOSIZIONE DEI CONNAZIONALI, DA UTILIZZARE SOLO IN SITUAZIONI DI COMPROVATA E STRAORDINARIA EMERGENZA (INCIDENTI GRAVI, DETENZIONE, GRAVI CONDIZIONI DI SALUTE ET SIMILIA): +374 91 415244 E&#8217; VIETATO L&#8217;UTILIZZO DEL NUMERO PER ALTRI TIPI DI ESIGENZE, QUALI, AD ESEMPIO, RICHIESTE RELATIVE [&hellip;]","protected":false},"author":1,"featured_media":0,"parent":163,"menu_order":6,"comment_status":"closed","ping_status":"closed","template":"","meta":{"footnotes":""},"class_list":["post-173","page","type-page","status-publish","hentry"],"_links":{"self":[{"href":"https:\/\/ambjerevan.esteri.it\/en\/wp-json\/wp\/v2\/pages\/173","targetHints":{"allow":["GET"]}}],"collection":[{"href":"https:\/\/ambjerevan.esteri.it\/en\/wp-json\/wp\/v2\/pages"}],"about":[{"href":"https:\/\/ambjerevan.esteri.it\/en\/wp-json\/wp\/v2\/types\/page"}],"author":[{"embeddable":true,"href":"https:\/\/ambjerevan.esteri.it\/en\/wp-json\/wp\/v2\/users\/1"}],"replies":[{"embeddable":true,"href":"https:\/\/ambjerevan.esteri.it\/en\/wp-json\/wp\/v2\/comments?post=173"}],"version-history":[{"count":3,"href":"https:\/\/ambjerevan.esteri.it\/en\/wp-json\/wp\/v2\/pages\/173\/revisions"}],"predecessor-version":[{"id":443,"href":"https:\/\/ambjerevan.esteri.it\/en\/wp-json\/wp\/v2\/pages\/173\/revisions\/443"}],"up":[{"embeddable":true,"href":"https:\/\/ambjerevan.esteri.it\/en\/wp-json\/wp\/v2\/pages\/163"}],"wp:attachment":[{"href":"https:\/\/ambjerevan.esteri.it\/en\/wp-json\/wp\/v2\/media?parent=173"}],"curies":[{"name":"wp","href":"https:\/\/api.w.org\/{rel}","templated":true}]}}